{"id":216,"date":"2017-05-31T05:05:41","date_gmt":"2017-05-31T12:05:41","guid":{"rendered":"http:\/\/import.themovation.com\/embark\/river-rafting\/?page_id=167"},"modified":"2026-04-15T08:25:08","modified_gmt":"2026-04-15T08:25:08","slug":"contact","status":"publish","type":"page","link":"https:\/\/gravideck.com\/fr\/contact\/","title":{"rendered":"Contact &#8211; Classic"},"content":{"rendered":"<div data-elementor-type=\"wp-post\" data-elementor-id=\"216\" class=\"elementor elementor-216\" data-elementor-post-type=\"page\">\n\t\t\t\t\t\t<section class=\"elementor-section elementor-top-section elementor-element elementor-element-qgk6sn0 elementor-section-boxed elementor-section-height-default elementor-section-height-default\" data-id=\"qgk6sn0\" data-element_type=\"section\" data-settings=\"{&quot;background_background&quot;:&quot;gradient&quot;}\">\n\t\t\t\t\t\t<div class=\"elementor-container elementor-column-gap-default\">\n\t\t\t\t\t<div class=\"aux-parallax-section elementor-column elementor-col-100 elementor-top-column elementor-element elementor-element-uaw4tj7\" data-id=\"uaw4tj7\" data-element_type=\"column\" data-settings=\"{&quot;background_background&quot;:&quot;classic&quot;}\">\n\t\t\t<div class=\"elementor-widget-wrap elementor-element-populated\">\n\t\t\t\t\t\t<div class=\"elementor-element elementor-element-l1yaoi4 elementor-view-default elementor-position-top elementor-invisible elementor-widget elementor-widget-themo-header\" data-id=\"l1yaoi4\" data-element_type=\"widget\" data-settings=\"{&quot;_animation&quot;:&quot;fadeInUp&quot;}\" data-widget_type=\"themo-header.default\">\n\t\t\t\t<div class=\"elementor-widget-container\">\n\t\t\t\t\t<div class=\"th-header-wrap\">\n        <div class=\"elementor-icon-box-wrapper\">\n                            <div class=\"elementor-icon-box-content\">\n                    <h1 class=\"elementor-icon-box-title\">\n                        Commander maintenant \/ Nous contacter                    <\/h1>\n                                        <p class=\"elementor-icon-box-description\"><b>Si vous souhaitez commander un simulateur Gravideck<\/b>, discuter de la conception d\u2019un syst\u00e8me de mouvement sur mesure r\u00e9pondant \u00e0 vos besoins sp\u00e9cifiques, ou simplement pour obtenir des informations g\u00e9n\u00e9rales\u2026 merci de nous contacter en remplissant le formulaire ci-dessous ou en nous \u00e9crivant directement \u00e0 l\u2019adresse indiqu\u00e9e. <br><br> Vous pouvez \u00e9galement utiliser Whatsapp ou Discord pour nous contacter instantan\u00e9ment.<br><br><b>Vous pouvez \u00e9galement nous contacter si vous souhaitez tester le simulateur de mouvement Gravideck dans notre showroom \u00e0 Angers (49000) \u2013 France.<br><\/b><br> Nous sommes situ\u00e9s \u00e0 environ une heure de route de l\u2019a\u00e9roport international de Nantes. <br><br><b>Merci!<\/b><\/p>\n\n                                    <\/div>\n            <\/div>\n\n        <\/div>\n\n\t\t\t\t<\/div>\n\t\t\t\t<\/div>\n\t\t\t\t<div class=\"elementor-element elementor-element-2f5eb6b elementor-shape-rounded elementor-grid-0 e-grid-align-center elementor-widget elementor-widget-social-icons\" data-id=\"2f5eb6b\" data-element_type=\"widget\" data-widget_type=\"social-icons.default\">\n\t\t\t\t<div class=\"elementor-widget-container\">\n\t\t\t\t\t<div class=\"elementor-social-icons-wrapper elementor-grid\">\n\t\t\t\t\t\t\t<span class=\"elementor-grid-item\">\n\t\t\t\t\t<a class=\"elementor-icon elementor-social-icon elementor-social-icon-discord elementor-repeater-item-937c6ea\" href=\"https:\/\/discord.gg\/S3T8skHBQC\" target=\"_blank\">\n\t\t\t\t\t\t<span class=\"elementor-screen-only\">Discord<\/span>\n\t\t\t\t\t\t<i class=\"fab fa-discord\"><\/i>\t\t\t\t\t<\/a>\n\t\t\t\t<\/span>\n\t\t\t\t\t\t\t<span class=\"elementor-grid-item\">\n\t\t\t\t\t<a class=\"elementor-icon elementor-social-icon elementor-social-icon-whatsapp elementor-repeater-item-708061e\" href=\"https:\/\/wa.me\/33668004242\" target=\"_blank\">\n\t\t\t\t\t\t<span class=\"elementor-screen-only\">Whatsapp<\/span>\n\t\t\t\t\t\t<i class=\"fab fa-whatsapp\"><\/i>\t\t\t\t\t<\/a>\n\t\t\t\t<\/span>\n\t\t\t\t\t\t\t<span class=\"elementor-grid-item\">\n\t\t\t\t\t<a class=\"elementor-icon elementor-social-icon elementor-social-icon-youtube elementor-repeater-item-8071e28\" href=\"https:\/\/www.youtube.com\/channel\/UC-OZUxpMNb5AW_Qxcb8wFtA\" target=\"_blank\">\n\t\t\t\t\t\t<span class=\"elementor-screen-only\">Youtube<\/span>\n\t\t\t\t\t\t<i class=\"fab fa-youtube\"><\/i>\t\t\t\t\t<\/a>\n\t\t\t\t<\/span>\n\t\t\t\t\t<\/div>\n\t\t\t\t<\/div>\n\t\t\t\t<\/div>\n\t\t\t\t\t<\/div>\n\t\t<\/div>\n\t\t\t\t\t<\/div>\n\t\t<\/section>\n\t\t\t\t<section class=\"elementor-section elementor-top-section elementor-element elementor-element-o7twky5 elementor-section-boxed elementor-section-height-default elementor-section-height-default\" data-id=\"o7twky5\" data-element_type=\"section\" data-settings=\"{&quot;background_background&quot;:&quot;classic&quot;}\">\n\t\t\t\t\t\t<div class=\"elementor-container elementor-column-gap-extended\">\n\t\t\t\t\t<div class=\"aux-parallax-section elementor-column elementor-col-50 elementor-top-column elementor-element elementor-element-xcn0qg2\" data-id=\"xcn0qg2\" data-element_type=\"column\">\n\t\t\t<div class=\"elementor-widget-wrap elementor-element-populated\">\n\t\t\t\t\t\t<div class=\"elementor-element elementor-element-ewkxetx elementor-position-left elementor-hidden-desktop elementor-hidden-tablet elementor-hidden-mobile elementor-view-default elementor-invisible elementor-widget elementor-widget-themo-service-block\" data-id=\"ewkxetx\" data-element_type=\"widget\" data-settings=\"{&quot;_animation&quot;:&quot;fadeInUp&quot;}\" data-widget_type=\"themo-service-block.default\">\n\t\t\t\t<div class=\"elementor-widget-container\">\n\t\t\t\t\t<div class=\"th-service-block-w\">\n            <div class=\"elementor-icon-box-wrapper th-show-icon\">\n                                    <div class=\"elementor-icon-box-icon th-icon-size-sm\">\n                        <span class=\"elementor-icon\" >\n                            <i aria-hidden=\"true\" class=\"fasth-linea icon-basic-smartphone\"><\/i>                        <\/span>\n                    <\/div>\n                                <div class=\"elementor-icon-box-content\">\n                    <h4 class=\"elementor-icon-box-title\">\n                        <span ><\/span>\n                    <\/h4>\n                    <p class=\"elementor-icon-box-description\"><\/p>\n                <\/div>\n            <\/div>\n\n        <\/div>\n\n\t\t\t\t<\/div>\n\t\t\t\t<\/div>\n\t\t\t\t<div class=\"elementor-element elementor-element-chif2hj elementor-widget elementor-widget-spacer\" data-id=\"chif2hj\" data-element_type=\"widget\" data-widget_type=\"spacer.default\">\n\t\t\t\t<div class=\"elementor-widget-container\">\n\t\t\t\t\t<div class=\"elementor-spacer\">\n\t\t\t<div class=\"elementor-spacer-inner\"><\/div>\n\t\t<\/div>\n\t\t\t\t<\/div>\n\t\t\t\t<\/div>\n\t\t\t\t<div class=\"elementor-element elementor-element-pinzlyz elementor-position-left elementor-view-default elementor-invisible elementor-widget elementor-widget-themo-service-block\" data-id=\"pinzlyz\" data-element_type=\"widget\" data-settings=\"{&quot;_animation&quot;:&quot;fadeInUp&quot;,&quot;_animation_delay&quot;:50}\" data-widget_type=\"themo-service-block.default\">\n\t\t\t\t<div class=\"elementor-widget-container\">\n\t\t\t\t\t<div class=\"th-service-block-w\">\n            <div class=\"elementor-icon-box-wrapper th-show-icon\">\n                                    <div class=\"elementor-icon-box-icon th-icon-size-sm\">\n                        <span class=\"elementor-icon\" >\n                            <i aria-hidden=\"true\" class=\"fasth-linea icon-basic-mail\"><\/i>                        <\/span>\n                    <\/div>\n                                <div class=\"elementor-icon-box-content\">\n                    <h4 class=\"elementor-icon-box-title\">\n                        <span >Envoyer un email<\/span>\n                    <\/h4>\n                    <p class=\"elementor-icon-box-description\"><\/p>\n                <\/div>\n            <\/div>\n\n        <\/div>\n\n\t\t\t\t<\/div>\n\t\t\t\t<\/div>\n\t\t\t\t<div class=\"elementor-element elementor-element-cbdfe75 elementor-widget elementor-widget-image\" data-id=\"cbdfe75\" data-element_type=\"widget\" data-widget_type=\"image.default\">\n\t\t\t\t<div class=\"elementor-widget-container\">\n\t\t\t\t\t\t\t\t\t\t\t\t\t<img decoding=\"async\" width=\"400\" height=\"70\" src=\"https:\/\/gravideck.com\/wp-content\/uploads\/2024\/07\/infomail.svg\" class=\"attachment-large size-large wp-image-1228\" alt=\"\" \/>\t\t\t\t\t\t\t\t\t\t\t\t\t<\/div>\n\t\t\t\t<\/div>\n\t\t\t\t<div class=\"elementor-element elementor-element-5p7axkt elementor-widget elementor-widget-spacer\" data-id=\"5p7axkt\" data-element_type=\"widget\" data-widget_type=\"spacer.default\">\n\t\t\t\t<div class=\"elementor-widget-container\">\n\t\t\t\t\t<div class=\"elementor-spacer\">\n\t\t\t<div class=\"elementor-spacer-inner\"><\/div>\n\t\t<\/div>\n\t\t\t\t<\/div>\n\t\t\t\t<\/div>\n\t\t\t\t<div class=\"elementor-element elementor-element-kfel6yx elementor-position-left elementor-hidden-desktop elementor-hidden-tablet elementor-hidden-mobile elementor-view-default elementor-invisible elementor-widget elementor-widget-themo-service-block\" data-id=\"kfel6yx\" data-element_type=\"widget\" data-settings=\"{&quot;_animation&quot;:&quot;fadeInUp&quot;,&quot;_animation_delay&quot;:50}\" data-widget_type=\"themo-service-block.default\">\n\t\t\t\t<div class=\"elementor-widget-container\">\n\t\t\t\t\t<div class=\"th-service-block-w\">\n            <div class=\"elementor-icon-box-wrapper th-show-icon\">\n                                    <div class=\"elementor-icon-box-icon th-icon-size-sm\">\n                        <span class=\"elementor-icon\" >\n                            <i aria-hidden=\"true\" class=\"fasth-trip travelpack-location-pin-1\"><\/i>                        <\/span>\n                    <\/div>\n                                <div class=\"elementor-icon-box-content\">\n                    <h4 class=\"elementor-icon-box-title\">\n                        <span >Drop by and talk<\/span>\n                    <\/h4>\n                    <p class=\"elementor-icon-box-description\"><\/p>\n                <\/div>\n            <\/div>\n\n        <\/div>\n\n\t\t\t\t<\/div>\n\t\t\t\t<\/div>\n\t\t\t\t<div class=\"elementor-element elementor-element-nmrl6i8 elementor-widget elementor-widget-spacer\" data-id=\"nmrl6i8\" data-element_type=\"widget\" data-widget_type=\"spacer.default\">\n\t\t\t\t<div class=\"elementor-widget-container\">\n\t\t\t\t\t<div class=\"elementor-spacer\">\n\t\t\t<div class=\"elementor-spacer-inner\"><\/div>\n\t\t<\/div>\n\t\t\t\t<\/div>\n\t\t\t\t<\/div>\n\t\t\t\t\t<\/div>\n\t\t<\/div>\n\t\t\t\t<div class=\"aux-parallax-section elementor-column elementor-col-50 elementor-top-column elementor-element elementor-element-mfjhgsy\" data-id=\"mfjhgsy\" data-element_type=\"column\">\n\t\t\t<div class=\"elementor-widget-wrap elementor-element-populated\">\n\t\t\t\t\t\t<div class=\"elementor-element elementor-element-3luh5i2 elementor-widget elementor-widget-themo-formidable-form\" data-id=\"3luh5i2\" data-element_type=\"widget\" data-widget_type=\"themo-formidable-form.default\">\n\t\t\t\t<div class=\"elementor-widget-container\">\n\t\t\t            <div class=\"th-fo-form  th-form-default  th-btn-form btn-standard-primary-form\"><div class=\"frm_forms  with_frm_style frm_style_formidable-style\" id=\"frm_form_3_container\" >\n<form enctype=\"multipart\/form-data\" method=\"post\" class=\"frm-show-form\" id=\"form_contact3\" action=\"\"  >\n<div class=\"frm_form_fields\">\n<fieldset>\n\r\n<div class=\"frm_fields_container\">\n<input type=\"hidden\" name=\"frm_action\" value=\"create\" \/>\n<input type=\"hidden\" name=\"form_id\" value=\"3\" \/>\n<input type=\"hidden\" name=\"frm_hide_fields_3\" id=\"frm_hide_fields_3\" value=\"\" \/>\n<input type=\"hidden\" name=\"form_key\" value=\"contact3\" \/>\n<input type=\"hidden\" name=\"item_meta[0]\" value=\"\" \/>\n<input type=\"hidden\" id=\"frm_submit_entry_3\" name=\"frm_submit_entry_3\" value=\"1258600e9a\" \/><input type=\"hidden\" name=\"_wp_http_referer\" value=\"\/fr\/wp-json\/wp\/v2\/pages\/216\" \/><div id=\"frm_field_9_container\" class=\"frm_form_field form-field  frm_required_field frm_none_container frm_full\">\r\n    <label for=\"field_xipbjr3\" class=\"frm_primary_label\">Name\r\n        <span class=\"frm_required\">*<\/span>\r\n    <\/label>\r\n    <input type=\"text\" id=\"field_xipbjr3\" name=\"item_meta[9]\" value=\"\"  placeholder=\"Name\" data-reqmsg=\"Name cannot be blank.\" aria-required=\"true\" data-invmsg=\"Name est non valide\" aria-invalid=\"false\"  \/>\r\n    \r\n    \r\n<\/div>\n<div id=\"frm_field_10_container\" class=\"frm_form_field form-field  frm_required_field frm_none_container frm_full\">\r\n    <label for=\"field_jaehy83\" class=\"frm_primary_label\">Email\r\n        <span class=\"frm_required\">*<\/span>\r\n    <\/label>\r\n    <input type=\"text\" id=\"field_jaehy83\" name=\"item_meta[10]\" value=\"\"  placeholder=\"Email\" data-reqmsg=\"Email cannot be blank.\" aria-required=\"true\" data-invmsg=\"Email est non valide\" aria-invalid=\"false\"  \/>\r\n    \r\n    \r\n<\/div>\n<div id=\"frm_field_11_container\" class=\"frm_form_field form-field  frm_none_container frm_full\">\r\n    <label for=\"field_cqpguu3\" class=\"frm_primary_label\">Phone\r\n        <span class=\"frm_required\"><\/span>\r\n    <\/label>\r\n    <input type=\"text\" id=\"field_cqpguu3\" name=\"item_meta[11]\" value=\"\"  placeholder=\"Phone\" data-invmsg=\"Phone est non valide\" aria-invalid=\"false\"  \/>\r\n    \r\n    \r\n<\/div>\n<div id=\"frm_field_12_container\" class=\"frm_form_field form-field  frm_required_field frm_none_container frm_full\">\r\n    <label for=\"field_w7ueyk3\" class=\"frm_primary_label\">Subject\r\n        <span class=\"frm_required\">*<\/span>\r\n    <\/label>\r\n    <input type=\"text\" id=\"field_w7ueyk3\" name=\"item_meta[12]\" value=\"\"  placeholder=\"Subject\" data-reqmsg=\"Subject cannot be blank.\" aria-required=\"true\" data-invmsg=\"Subject est non valide\" aria-invalid=\"false\"  \/>\r\n    \r\n    \r\n<\/div>\n<div id=\"frm_field_13_container\" class=\"frm_form_field form-field  frm_required_field frm_none_container frm_full\">\r\n    <label for=\"field_kggkvh3\" class=\"frm_primary_label\">Message\r\n        <span class=\"frm_required\">*<\/span>\r\n    <\/label>\r\n    <textarea name=\"item_meta[13]\" id=\"field_kggkvh3\" rows=\"5\"  placeholder=\"Message\" data-reqmsg=\"Message cannot be blank.\" aria-required=\"true\" data-invmsg=\"Message est non valide\" aria-invalid=\"false\"  ><\/textarea>\r\n    \r\n    \r\n<\/div>\n<div id=\"frm_field_44_container\" class=\"frm_form_field form-field  frm_none_container\">\r\n    <label for=\"h-captcha-response\" id=\"field_k5ghk_label\" class=\"frm_primary_label\">Captcha\r\n        <span class=\"frm_required\" aria-hidden=\"true\"><\/span>\r\n    <\/label>\r\n    <div  id=\"field_k5ghk\" class=\"cf-turnstile\" data-sitekey=\"0x4AAAAAAAj1QBjHIqUZhQTI\" data-size=\"normal\" data-theme=\"light\"><\/div>\r\n    \r\n    \r\n<\/div>\n\t<input type=\"hidden\" name=\"item_key\" value=\"\" \/>\n\t\t\t\t<div class=\"frm__6603f61c63d64\">\n\t\t\t\t<label for=\"frm_email_3\" >\n\t\t\t\t\tSi vous \u00eates un humain, ne remplissez pas ce champ.\t\t\t\t<\/label>\n\t\t\t\t<input  id=\"frm_email_3\" type=\"email\" class=\"frm_verify\" name=\"frm__6603f61c63d64\" value=\"\"  \/>\n\t\t\t<\/div>\n\t\t<div class=\"frm_submit\">\r\n\r\n<input type=\"submit\" value=\"Send\"  \/>\r\n<img decoding=\"async\" class=\"frm_ajax_loading\" src=\"https:\/\/gravideck.com\/wp-content\/plugins\/formidable\/images\/ajax_loader.gif\" alt=\"Sending\" style=\"visibility:hidden;\" \/>\r\n\r\n<\/div><\/div>\n<\/fieldset>\n<\/div>\n<input type=\"hidden\" name=\"trp-form-language\" value=\"fr\"\/><\/form>\n<\/div>\n<\/div>\n            \t\t<\/div>\n\t\t\t\t<\/div>\n\t\t\t\t\t<\/div>\n\t\t<\/div>\n\t\t\t\t\t<\/div>\n\t\t<\/section>\n\t\t\t\t<section class=\"elementor-section elementor-top-section elementor-element elementor-element-bqlt0sn elementor-section-boxed elementor-section-height-default elementor-section-height-default\" data-id=\"bqlt0sn\" data-element_type=\"section\">\n\t\t\t\t\t\t<div class=\"elementor-container elementor-column-gap-default\">\n\t\t\t\t\t<div class=\"aux-parallax-section elementor-column elementor-col-100 elementor-top-column elementor-element elementor-element-gcm8twg\" data-id=\"gcm8twg\" data-element_type=\"column\">\n\t\t\t<div class=\"elementor-widget-wrap elementor-element-populated\">\n\t\t\t\t\t\t<div class=\"elementor-element elementor-element-51xhzgf elementor-widget elementor-widget-spacer\" data-id=\"51xhzgf\" data-element_type=\"widget\" data-widget_type=\"spacer.default\">\n\t\t\t\t<div class=\"elementor-widget-container\">\n\t\t\t\t\t<div class=\"elementor-spacer\">\n\t\t\t<div class=\"elementor-spacer-inner\"><\/div>\n\t\t<\/div>\n\t\t\t\t<\/div>\n\t\t\t\t<\/div>\n\t\t\t\t\t<\/div>\n\t\t<\/div>\n\t\t\t\t\t<\/div>\n\t\t<\/section>\n\t\t\t\t<section class=\"elementor-section elementor-top-section elementor-element elementor-element-311e200 elementor-section-boxed elementor-section-height-default elementor-section-height-default\" data-id=\"311e200\" data-element_type=\"section\">\n\t\t\t\t\t\t<div class=\"elementor-container elementor-column-gap-default\">\n\t\t\t\t\t<div class=\"aux-parallax-section elementor-column elementor-col-100 elementor-top-column elementor-element elementor-element-989284b\" data-id=\"989284b\" data-element_type=\"column\">\n\t\t\t<div class=\"elementor-widget-wrap\">\n\t\t\t\t\t\t\t<\/div>\n\t\t<\/div>\n\t\t\t\t\t<\/div>\n\t\t<\/section>\n\t\t\t\t<\/div>","protected":false},"excerpt":{"rendered":"<p>Order Now \/ Contact Us If you wish to order a Gravideck system, discuss the design a custom motion system for your specific requirements, or just to get general information&#8230;please contact us by filling this form below or just write to us directly at the address indicated below. You can also contact us instantly on [&hellip;]<\/p>","protected":false},"author":1,"featured_media":0,"parent":0,"menu_order":36,"comment_status":"closed","ping_status":"closed","template":"","meta":{"content-type":"","footnotes":""},"_links":{"self":[{"href":"https:\/\/gravideck.com\/fr\/wp-json\/wp\/v2\/pages\/216"}],"collection":[{"href":"https:\/\/gravideck.com\/fr\/wp-json\/wp\/v2\/pages"}],"about":[{"href":"https:\/\/gravideck.com\/fr\/wp-json\/wp\/v2\/types\/page"}],"author":[{"embeddable":true,"href":"https:\/\/gravideck.com\/fr\/wp-json\/wp\/v2\/users\/1"}],"replies":[{"embeddable":true,"href":"https:\/\/gravideck.com\/fr\/wp-json\/wp\/v2\/comments?post=216"}],"version-history":[{"count":66,"href":"https:\/\/gravideck.com\/fr\/wp-json\/wp\/v2\/pages\/216\/revisions"}],"predecessor-version":[{"id":5014,"href":"https:\/\/gravideck.com\/fr\/wp-json\/wp\/v2\/pages\/216\/revisions\/5014"}],"wp:attachment":[{"href":"https:\/\/gravideck.com\/fr\/wp-json\/wp\/v2\/media?parent=216"}],"curies":[{"name":"wp","href":"https:\/\/api.w.org\/{rel}","templated":true}]}}